{"id":90,"date":"2018-04-09T15:11:27","date_gmt":"2018-04-09T19:11:27","guid":{"rendered":"https:\/\/www.arnicare.ca\/?page_id=90"},"modified":"2025-11-24T16:21:27","modified_gmt":"2025-11-24T21:21:27","slug":"arnica-montana","status":"publish","type":"page","link":"https:\/\/www.arnicare.ca\/fr\/arnica-montana\/","title":{"rendered":"L&rsquo;Arnica montana"},"content":{"rendered":"<div class=\"wpb-content-wrapper\"><p>[vc_section full_width=\u00a0\u00bbstretch_row\u00a0\u00bb el_id=\u00a0\u00bba-propos\u00a0\u00bb css=\u00a0\u00bb.vc_custom_1524506373483{background: #edf9f9 url(https:\/\/www.arnicare.ca\/wp-content\/uploads\/2018\/04\/what-is-arnicare.jpg?id=63) !important;background-position: center !important;background-repeat: no-repeat !important;background-size: cover !important;}\u00a0\u00bb][vc_row css=\u00a0\u00bb.vc_custom_1523297331010{padding-top: 70px !important;padding-bottom: 70px !important;}\u00a0\u00bb][vc_column offset=\u00a0\u00bbvc_col-lg-6 vc_col-md-12 vc_col-xs-12&Prime;][vc_custom_heading text=\u00a0\u00bb\u00c0 propos de l\u2019Arnica montana\u00a0\u00bb font_container=\u00a0\u00bbtag:h1|text_align:left|color:%2300649f\u00a0\u00bb use_theme_fonts=\u00a0\u00bbyes\u00a0\u00bb css=\u00a0\u00bb.vc_custom_1764019283781{margin-bottom: 45px !important;}\u00a0\u00bb][vc_column_text]S\u2019inspirant de la tradition, et fort de ses 85 ans d\u2019expertise, Boiron a d\u00e9velopp\u00e9 la gamme Arnicare \u00e0 base notamment d\u2019Arnica montana, une plante des r\u00e9gions montagneuses de la famille des marguerites dont les propri\u00e9t\u00e9s th\u00e9rapeutiques sont connues depuis des si\u00e8cles.<\/p>\n<p>La gamme Arnicare\u00a0des Laboratoires Boiron est fabriqu\u00e9e \u00e0 partir de la teinture m\u00e8re hom\u00e9opathique produite\u00a0<strong>\u00e0 partir de plantes fra\u00eeches, notamment de l\u2019Arnica montana<\/strong>. Elles sont r\u00e9colt\u00e9es \u00e0 la main et de fa\u00e7on responsable par des botanistes sp\u00e9cialistes et des r\u00e9colteurs qualifi\u00e9s.<\/p>\n<p><strong>Cette m\u00e9thode d\u2019\u00e9laboration \u00e0 partir de plantes fra\u00eeches, enti\u00e8res et pleinement fleuries permet ainsi de conserver la majorit\u00e9 des constituants et des principes actifs de l\u2019arnica montana.<\/strong>[\/vc_column_text][vc_column_text]\n\n\n<div class=\"arnicare-did-you-know\"> \n\n\t<div class=\"header text-center\">\n\t\tDid you know?\t<\/div>\n\n\t<div id=\"arnicare-did-you-know-owl\" class=\"owl-carousel\" data-slider-id=\"1\">\n\n\t\t\n\t\t  \t\t<div class=\"item\">\n\t\t\t\t\t\n\t\t\t\t\tL\u2019Arnica montana est une plante vivace de la famille des ast\u00e9rac\u00e9es.\n\t\t\t\t\t\n\t    \t\t\t\n\t\t\t\t<\/div>\n\n\t\t\t\t\n\t\t  \t\t<div class=\"item\">\n\t\t\t\t\t\n\t\t\t\t\tElle pousse \u00e0 l\u2019\u00e9tat sauvage sur des sols acides, \u00e0 plus de 800 m\u00e8tres d\u2019altitude, dans les r\u00e9gions montagneuses.\n\t\t\t\t\t\n\t    \t\t\t\n\t\t\t\t<\/div>\n\n\t\t\t\t\n\t\t  \t\t<div class=\"item\">\n\t\t\t\t\t\n\t\t\t\t\tSes fleurs jaunes ressemblent \u00e0 des marguerites et d\u00e9gagent un l\u00e9ger parfum suave.\n\t\t\t\t\t\n\t    \t\t\t\n\t\t\t\t<\/div>\n\n\t\t\t\t\n\t\t  \t\t<div class=\"item\">\n\t\t\t\t\t\n\t\t\t\t\tL'Arnica montana est cueillie au d\u00e9but de sa floraison, c\u2019est-\u00e0-dire en juin-juillet.\n\t\t\t\t\t\n\t    \t\t\t\n\t\t\t\t<\/div>\n\n\t\t\t\t\n\t\t  \t\t<div class=\"item\">\n\t\t\t\t\t\n\t\t\t\t\tLes vertus th\u00e9rapeutiques de l\u2019Arnica montana \u00e9taient d\u00e9j\u00e0 d\u00e9crites dans des trait\u00e9s de m\u00e9decine datant de la Gr\u00e8ce antique.\n\t\t\t\t\t\n\t    \t\t\t\n\t\t\t\t<\/div>\n\n\t\t\t\t\n\t<\/div>\n\n\t<div class=\"owl-thumbs\" data-slider-id=\"1\">\n\t\t\n\t\t  \t\t<div class=\"owl-thumb-item\">\n\t\t\t\t\t\n\t\t\t\t\t<img decoding=\"async\" src=\"https:\/\/www.arnicare.ca\/wp-content\/uploads\/2018\/04\/vivace_iddle.png\" alt=\"\" class=\"iddle\"\/>\n\t\t\t\t\t<img decoding=\"async\" src=\"https:\/\/www.arnicare.ca\/wp-content\/uploads\/2018\/04\/vivace_active.png\" alt=\"\" class=\"active\" \/>\n\t    \t\t\t\n\t\t\t\t<\/div>\n\n\t\t\t\t\n\t\t  \t\t<div class=\"owl-thumb-item\">\n\t\t\t\t\t\n\t\t\t\t\t<img decoding=\"async\" src=\"https:\/\/www.arnicare.ca\/wp-content\/uploads\/2018\/04\/montagne_iddle.png\" alt=\"\" class=\"iddle\"\/>\n\t\t\t\t\t<img decoding=\"async\" src=\"https:\/\/www.arnicare.ca\/wp-content\/uploads\/2018\/04\/montagne_active.png\" alt=\"\" class=\"active\" \/>\n\t    \t\t\t\n\t\t\t\t<\/div>\n\n\t\t\t\t\n\t\t  \t\t<div class=\"owl-thumb-item\">\n\t\t\t\t\t\n\t\t\t\t\t<img decoding=\"async\" src=\"https:\/\/www.arnicare.ca\/wp-content\/uploads\/2018\/04\/parfum_iddle.png\" alt=\"\" class=\"iddle\"\/>\n\t\t\t\t\t<img decoding=\"async\" src=\"https:\/\/www.arnicare.ca\/wp-content\/uploads\/2018\/04\/parfun_active.png\" alt=\"\" class=\"active\" \/>\n\t    \t\t\t\n\t\t\t\t<\/div>\n\n\t\t\t\t\n\t\t  \t\t<div class=\"owl-thumb-item\">\n\t\t\t\t\t\n\t\t\t\t\t<img decoding=\"async\" src=\"https:\/\/www.arnicare.ca\/wp-content\/uploads\/2018\/04\/calendrier_iddle.png\" alt=\"\" class=\"iddle\"\/>\n\t\t\t\t\t<img decoding=\"async\" src=\"https:\/\/www.arnicare.ca\/wp-content\/uploads\/2018\/04\/calendrier_active.png\" alt=\"\" class=\"active\" \/>\n\t    \t\t\t\n\t\t\t\t<\/div>\n\n\t\t\t\t\n\t\t  \t\t<div class=\"owl-thumb-item\">\n\t\t\t\t\t\n\t\t\t\t\t<img decoding=\"async\" src=\"https:\/\/www.arnicare.ca\/wp-content\/uploads\/2018\/04\/grece_iddle.png\" alt=\"\" class=\"iddle\"\/>\n\t\t\t\t\t<img decoding=\"async\" src=\"https:\/\/www.arnicare.ca\/wp-content\/uploads\/2018\/04\/grece_active.png\" alt=\"\" class=\"active\" \/>\n\t    \t\t\t\n\t\t\t\t<\/div>\n\n\t\t\t\t\n\t\t<div style=\"clear:both;\"><\/div>\n\t<\/div>\n\n<\/div>\n\n\n\n\n[\/vc_column_text][vc_column_text]<div class=\"addtoany_shortcode\"><div class=\"a2a_kit a2a_kit_size_28 addtoany_list\" data-a2a-url=\"https:\/\/www.arnicare.ca\/fr\/arnica-montana\/#a-propos\" data-a2a-title=\"L\u2019Arnica montana\"><a class=\"a2a_button_facebook\" href=\"https:\/\/www.addtoany.com\/add_to\/facebook?linkurl=https%3A%2F%2Fwww.arnicare.ca%2Ffr%2Farnica-montana%2F%23a-propos&amp;linkname=L%E2%80%99Arnica%20montana\" title=\"Facebook\" rel=\"nofollow noopener\" target=\"_blank\"><\/a><a class=\"a2a_button_twitter\" href=\"https:\/\/www.addtoany.com\/add_to\/twitter?linkurl=https%3A%2F%2Fwww.arnicare.ca%2Ffr%2Farnica-montana%2F%23a-propos&amp;linkname=L%E2%80%99Arnica%20montana\" title=\"Twitter\" rel=\"nofollow noopener\" target=\"_blank\"><\/a><a class=\"a2a_dd addtoany_share_save addtoany_share\" href=\"https:\/\/www.addtoany.com\/share\"><\/a><\/div><\/div>[\/vc_column_text][\/vc_column][vc_column width=\u00a0\u00bb1\/2&Prime; offset=\u00a0\u00bbvc_hidden-md vc_hidden-xs\u00a0\u00bb][\/vc_column][\/vc_row][\/vc_section][vc_section full_width=\u00a0\u00bbstretch_row\u00a0\u00bb css=\u00a0\u00bb.vc_custom_1524775670930{padding-top: 35px !important;padding-bottom: 35px !important;background-color: #0560a9 !important;}\u00a0\u00bb el_class=\u00a0\u00bbarnicare-blue-cta-section\u00a0\u00bb][vc_row content_placement=\u00a0\u00bbmiddle\u00a0\u00bb][vc_column width=\u00a0\u00bb2\/3&Prime; offset=\u00a0\u00bbvc_col-xs-12&Prime;][vc_column_text css=\u00a0\u00bb.vc_custom_1524678618013{margin-bottom: 0px !important;}\u00a0\u00bb el_class=\u00a0\u00bbtext-white arnica-montana-know-more\u00a0\u00bb]Vous voulez en savoir plus sur l\u2019Arnica montana?[\/vc_column_text][\/vc_column][vc_column width=\u00a0\u00bb1\/3&Prime; offset=\u00a0\u00bbvc_col-xs-12&Prime;][vc_btn title=\u00a0\u00bbConsulter le blogue Boiron Canada\u00a0\u00bb style=\u00a0\u00bbflat\u00a0\u00bb shape=\u00a0\u00bbsquare\u00a0\u00bb color=\u00a0\u00bbgreen\u00a0\u00bb size=\u00a0\u00bbsm\u00a0\u00bb align=\u00a0\u00bbright\u00a0\u00bb link=\u00a0\u00bburl:http%3A%2F%2Fwww.boiron.ca%2Fblog%2Ffr%2Farnica-qui-es-tu%2F||target:%20_blank|\u00a0\u00bb][\/vc_column][\/vc_row][\/vc_section][vc_section el_id=\u00a0\u00bbla-recolte-de-larnica\u00a0\u00bb css=\u00a0\u00bb.vc_custom_1524506391596{padding-top: 70px !important;padding-bottom: 70px !important;}\u00a0\u00bb][vc_row el_class=\u00a0\u00bbdisplay-sr-only\u00a0\u00bb][vc_column][vc_custom_heading text=\u00a0\u00bbLa r\u00e9colte de l&rsquo;arnica\u00a0\u00bb font_container=\u00a0\u00bbtag:h2|text_align:left|color:%2300649f\u00a0\u00bb use_theme_fonts=\u00a0\u00bbyes\u00a0\u00bb css=\u00a0\u00bb.vc_custom_1524506481586{margin-bottom: 45px !important;}\u00a0\u00bb][\/vc_column][\/vc_row][vc_row][vc_column width=\u00a0\u00bb1\/2&Prime;][vc_video link=\u00a0\u00bbhttps:\/\/www.youtube.com\/watch?v=17RdFoPGkcc\u00a0\u00bb el_class=\u00a0\u00bbsr-mb-25&Prime;][\/vc_column][vc_column width=\u00a0\u00bb1\/2&Prime;][vc_custom_heading text=\u00a0\u00bbLa r\u00e9colte de l&rsquo;arnica\u00a0\u00bb font_container=\u00a0\u00bbtag:h2|text_align:left|color:%2300649f\u00a0\u00bb use_theme_fonts=\u00a0\u00bbyes\u00a0\u00bb css=\u00a0\u00bb.vc_custom_1524834504329{margin-bottom: 45px !important;}\u00a0\u00bb el_class=\u00a0\u00bbdisplay-lg-only\u00a0\u00bb][vc_column_text]Cueillir l\u2019arnica n\u00e9cessite savoir-faire et exp\u00e9rience. Mais l\u2019esp\u00e8ce est menac\u00e9e par l\u2019activit\u00e9 humaine.<\/p>\n<p>Pour la pr\u00e9server, tous les acteurs de la fili\u00e8re ont sign\u00e9 une convention exemplaire.[\/vc_column_text][vc_btn title=\u00a0\u00bbVoir plus de vid\u00e9os\u00a0\u00bb style=\u00a0\u00bbflat\u00a0\u00bb shape=\u00a0\u00bbsquare\u00a0\u00bb color=\u00a0\u00bbprimary\u00a0\u00bb size=\u00a0\u00bbsm\u00a0\u00bb align=\u00a0\u00bbleft\u00a0\u00bb link=\u00a0\u00bburl:http%3A%2F%2Farnicare.ca%2Ffr%2Fvideos%2F|||\u00a0\u00bb][vc_column_text css=\u00a0\u00bb.vc_custom_1525033498230{margin-top: 35px !important;}\u00a0\u00bb]<div class=\"addtoany_shortcode\"><div class=\"a2a_kit a2a_kit_size_28 addtoany_list\" data-a2a-url=\"https:\/\/www.arnicare.ca\/fr\/arnica-montana\/#la-recolte-de-larnica\" data-a2a-title=\"L\u2019Arnica montana\"><a class=\"a2a_button_facebook\" href=\"https:\/\/www.addtoany.com\/add_to\/facebook?linkurl=https%3A%2F%2Fwww.arnicare.ca%2Ffr%2Farnica-montana%2F%23la-recolte-de-larnica&amp;linkname=L%E2%80%99Arnica%20montana\" title=\"Facebook\" rel=\"nofollow noopener\" target=\"_blank\"><\/a><a class=\"a2a_button_twitter\" href=\"https:\/\/www.addtoany.com\/add_to\/twitter?linkurl=https%3A%2F%2Fwww.arnicare.ca%2Ffr%2Farnica-montana%2F%23la-recolte-de-larnica&amp;linkname=L%E2%80%99Arnica%20montana\" title=\"Twitter\" rel=\"nofollow noopener\" target=\"_blank\"><\/a><a class=\"a2a_dd addtoany_share_save addtoany_share\" href=\"https:\/\/www.addtoany.com\/share\"><\/a><\/div><\/div>[\/vc_column_text][\/vc_column][\/vc_row][\/vc_section][vc_section full_width=\u00a0\u00bbstretch_row\u00a0\u00bb el_id=\u00a0\u00bbles-bonnes-pratiques-boiron\u00a0\u00bb css=\u00a0\u00bb.vc_custom_1524506429037{padding-top: 70px !important;padding-bottom: 70px !important;background: #edf9f9 url(https:\/\/www.arnicare.ca\/wp-content\/uploads\/2018\/04\/large-background.jpg?id=176) !important;}\u00a0\u00bb][vc_row][vc_column width=\u00a0\u00bb1\/2&Prime;][vc_custom_heading text=\u00a0\u00bbLes bonnes pratiques Boiron\u00a0\u00bb font_container=\u00a0\u00bbtag:h2|text_align:left|color:%2300649f\u00a0\u00bb use_theme_fonts=\u00a0\u00bbyes\u00a0\u00bb css=\u00a0\u00bb.vc_custom_1524506528395{margin-bottom: 45px !important;}\u00a0\u00bb][vc_column_text]Pour pr\u00e9server l\u2019arnica, une plante sauvage menac\u00e9e de disparition, les Laboratoires Boiron ont mis en place des bonnes pratiques de cueillette \u00e0 travers un cahier des charges sp\u00e9cifique.<\/p>\n<p><strong>Un engagement de chaque instant pour Boiron<\/strong><\/p>\n<p>Chaque ann\u00e9e, entre le 1er\u00a0juin et le 20\u00a0juillet environ, une vingtaine de r\u00e9coltants professionnels ramassent l\u2019arnica pour les laboratoires Boiron. Ils cueillent\u00a0la plante enti\u00e8re\u00a0avec un bout de racine, dans les prairies d\u2019altitude de six r\u00e9gions montagneuses\u00a0: les Vosges, les Alpes, le Massif central, l\u2019Ard\u00e8che, les Pyr\u00e9n\u00e9es et l\u2019Aveyron.<\/p>\n<p>Pour pr\u00e9server les plantes sauvages, favoriser la biodiversit\u00e9 et garantir un Arnica montana d\u2019excellente qualit\u00e9, les laboratoires Boiron ont mis en place un cahier des charges sp\u00e9cifique. Il impose\u00a0<strong>des conditions strictes de r\u00e9colte<\/strong>, telles que\u00a0:[\/vc_column_text][\/vc_column][vc_column width=\u00a0\u00bb1\/2&Prime;][vc_single_image image=\u00a0\u00bb730&Prime; img_size=\u00a0\u00bbfull\u00a0\u00bb add_caption=\u00a0\u00bbyes\u00a0\u00bb][\/vc_column][\/vc_row][vc_row el_class=\u00a0\u00bbequalHeights\u00a0\u00bb][vc_column offset=\u00a0\u00bbvc_col-lg-6&Prime;][vc_column_text el_class=\u00a0\u00bbbest-practices\u00a0\u00bb]Seul\u00a0<strong>30% du potentiel d\u2019un site<\/strong>\u00a0de cueillette doit \u00eatre r\u00e9colt\u00e9 pour assurer la p\u00e9rennit\u00e9 de l\u2019esp\u00e8ce.[\/vc_column_text][\/vc_column][vc_column offset=\u00a0\u00bbvc_col-lg-6&Prime;][vc_column_text el_class=\u00a0\u00bbbest-practices\u00a0\u00bb]Les v\u00e9g\u00e9taux doivent \u00eatre tri\u00e9s de toutes autres esp\u00e8ces v\u00e9g\u00e9tales et d\u00e9barrass\u00e9es de tout autre \u00e9l\u00e9ment \u00e9tranger \u00e0 la plante command\u00e9e (terre, d\u00e9bris de bois, cailloux\u2026).[\/vc_column_text][\/vc_column][\/vc_row][vc_row el_class=\u00a0\u00bbequalHeights\u00a0\u00bb][vc_column offset=\u00a0\u00bbvc_col-lg-6&Prime;][vc_column_text el_class=\u00a0\u00bbbest-practices\u00a0\u00bb]Les esp\u00e8ces botaniques doivent \u00eatre r\u00e9colt\u00e9es ou cultiv\u00e9es hors des zones industrialis\u00e9es, urbaines, de cultures intensives, traditionnelles ou des routes afin\u00a0<strong>d\u2019\u00e9viter au maximum les pollutions.<\/strong>[\/vc_column_text][\/vc_column][vc_column offset=\u00a0\u00bbvc_col-lg-6&Prime;][vc_column_text el_class=\u00a0\u00bbbest-practices\u00a0\u00bb]L\u2019\u00e9tat sanitaire des v\u00e9g\u00e9taux doit \u00e9galement \u00eatre parfait (attaques de pucerons, maladies, rouille et o\u00efdium\u2026).[\/vc_column_text][\/vc_column][\/vc_row][vc_row el_class=\u00a0\u00bbequalHeights\u00a0\u00bb][vc_column offset=\u00a0\u00bbvc_col-lg-6&Prime;][vc_column_text el_class=\u00a0\u00bbbest-practices\u00a0\u00bb]Les v\u00e9g\u00e9taux doivent \u00eatre r\u00e9colt\u00e9s et livr\u00e9s imm\u00e9diatement apr\u00e8s la r\u00e9colte (dans les 48h maximum), dans des conditionnements a\u00e9r\u00e9s et par camion frigorifique.[\/vc_column_text][\/vc_column][vc_column offset=\u00a0\u00bbvc_col-lg-6&Prime;][\/vc_column][\/vc_row][vc_row][vc_column][vc_column_text css=\u00a0\u00bb.vc_custom_1525033515085{margin-top: 35px !important;}\u00a0\u00bb]<div class=\"addtoany_shortcode\"><div class=\"a2a_kit a2a_kit_size_28 addtoany_list\" data-a2a-url=\"https:\/\/www.arnicare.ca\/fr\/arnica-montana\/#les-bonnes-pratiques-boiron\" data-a2a-title=\"L\u2019Arnica montana\"><a class=\"a2a_button_facebook\" href=\"https:\/\/www.addtoany.com\/add_to\/facebook?linkurl=https%3A%2F%2Fwww.arnicare.ca%2Ffr%2Farnica-montana%2F%23les-bonnes-pratiques-boiron&amp;linkname=L%E2%80%99Arnica%20montana\" title=\"Facebook\" rel=\"nofollow noopener\" target=\"_blank\"><\/a><a class=\"a2a_button_twitter\" href=\"https:\/\/www.addtoany.com\/add_to\/twitter?linkurl=https%3A%2F%2Fwww.arnicare.ca%2Ffr%2Farnica-montana%2F%23les-bonnes-pratiques-boiron&amp;linkname=L%E2%80%99Arnica%20montana\" title=\"Twitter\" rel=\"nofollow noopener\" target=\"_blank\"><\/a><a class=\"a2a_dd addtoany_share_save addtoany_share\" href=\"https:\/\/www.addtoany.com\/share\"><\/a><\/div><\/div>[\/vc_column_text][\/vc_column][\/vc_row][\/vc_section][vc_section full_width=\u00a0\u00bbstretch_row\u00a0\u00bb css=\u00a0\u00bb.vc_custom_1524835056091{padding-top: 35px !important;padding-bottom: 35px !important;background-color: #0560a9 !important;}\u00a0\u00bb el_class=\u00a0\u00bbarnicare-blue-cta-section\u00a0\u00bb][vc_row content_placement=\u00a0\u00bbmiddle\u00a0\u00bb][vc_column width=\u00a0\u00bb2\/3&Prime;][vc_column_text css=\u00a0\u00bb.vc_custom_1524506700590{margin-bottom: 0px !important;}\u00a0\u00bb el_class=\u00a0\u00bbtext-white arnica-montana-know-more\u00a0\u00bb]Pour en savoir plus sur les bonnes pratiques Boiron[\/vc_column_text][\/vc_column][vc_column width=\u00a0\u00bb1\/3&Prime;][vc_btn title=\u00a0\u00bbConsulter le blogue Boiron Canada\u00a0\u00bb style=\u00a0\u00bbflat\u00a0\u00bb shape=\u00a0\u00bbsquare\u00a0\u00bb color=\u00a0\u00bbgreen\u00a0\u00bb size=\u00a0\u00bbsm\u00a0\u00bb align=\u00a0\u00bbright\u00a0\u00bb link=\u00a0\u00bburl:http%3A%2F%2Fwww.boiron.ca%2Fblog%2Ffr%2Fles-bonnes-pratiques-boiron%2F||target:%20_blank|\u00a0\u00bb][\/vc_column][\/vc_row][\/vc_section]<\/p>\n<\/div>","protected":false},"excerpt":{"rendered":"<p>[vc_section full_width=\u00a0\u00bbstretch_row\u00a0\u00bb el_id=\u00a0\u00bba-propos\u00a0\u00bb css=\u00a0\u00bb.vc_custom_1524506373483{background: #edf9f9 url(https:\/\/www.arnicare.ca\/wp-content\/uploads\/2018\/04\/what-is-arnicare.jpg?id=63) !important;background-position: center !important;background-repeat: no-repeat !important;background-size: cover !important;}\u00a0\u00bb][vc_row css=\u00a0\u00bb.vc_custom_1523297331010{padding-top: 70px !important;padding-bottom: 70px !important;}\u00a0\u00bb][vc_column offset=\u00a0\u00bbvc_col-lg-6 vc_col-md-12 vc_col-xs-12&Prime;][vc_custom_heading text=\u00a0\u00bb\u00c0 propos de l\u2019Arnica montana\u00a0\u00bb font_container=\u00a0\u00bbtag:h1|text_align:left|color:%2300649f\u00a0\u00bb use_theme_fonts=\u00a0\u00bbyes\u00a0\u00bb css=\u00a0\u00bb.vc_custom_1764019283781{margin-bottom: 45px !important;}\u00a0\u00bb][vc_column_text]S\u2019inspirant de la tradition, et fort de ses 85 ans d\u2019expertise, Boiron a d\u00e9velopp\u00e9 la gamme Arnicare \u00e0 base notamment d\u2019Arnica montana, une plante des [&hellip;]<\/p>\n","protected":false},"author":6,"featured_media":0,"parent":0,"menu_order":0,"comment_status":"closed","ping_status":"closed","template":"","meta":{"_acf_changed":false,"om_disable_all_campaigns":false,"_monsterinsights_skip_tracking":false,"_monsterinsights_sitenote_active":false,"_monsterinsights_sitenote_note":"","_monsterinsights_sitenote_category":0,"footnotes":""},"class_list":["post-90","page","type-page","status-publish","hentry"],"acf":[],"aioseo_notices":[],"_links":{"self":[{"href":"https:\/\/www.arnicare.ca\/fr\/wp-json\/wp\/v2\/pages\/90","targetHints":{"allow":["GET"]}}],"collection":[{"href":"https:\/\/www.arnicare.ca\/fr\/wp-json\/wp\/v2\/pages"}],"about":[{"href":"https:\/\/www.arnicare.ca\/fr\/wp-json\/wp\/v2\/types\/page"}],"author":[{"embeddable":true,"href":"https:\/\/www.arnicare.ca\/fr\/wp-json\/wp\/v2\/users\/6"}],"replies":[{"embeddable":true,"href":"https:\/\/www.arnicare.ca\/fr\/wp-json\/wp\/v2\/comments?post=90"}],"version-history":[{"count":38,"href":"https:\/\/www.arnicare.ca\/fr\/wp-json\/wp\/v2\/pages\/90\/revisions"}],"predecessor-version":[{"id":1850,"href":"https:\/\/www.arnicare.ca\/fr\/wp-json\/wp\/v2\/pages\/90\/revisions\/1850"}],"wp:attachment":[{"href":"https:\/\/www.arnicare.ca\/fr\/wp-json\/wp\/v2\/media?parent=90"}],"curies":[{"name":"wp","href":"https:\/\/api.w.org\/{rel}","templated":true}]}}